{"id":5905,"date":"2020-07-12T20:30:07","date_gmt":"2020-07-12T18:30:07","guid":{"rendered":"https:\/\/www.vegroupteszt.hu\/our-locations\/"},"modified":"2021-04-26T10:34:57","modified_gmt":"2021-04-26T08:34:57","slug":"our-locations","status":"publish","type":"page","link":"https:\/\/old.vegroup.hu\/en\/our-locations\/","title":{"rendered":"Our locations"},"content":{"rendered":"<p>[et_pb_section fb_built=&#8221;1&#8243; module_id=&#8221;credo&#8221; _builder_version=&#8221;4.4.1&#8243; background_color=&#8221;#ffffff&#8221; custom_margin=&#8221;30px||||false|false&#8221; custom_padding=&#8221;45px||3px||false|false&#8221;][et_pb_row _builder_version=&#8221;4.4.1&#8243; background_image=&#8221;https:\/\/old.vegroup.hu\/wp-content\/uploads\/2020\/05\/vegroup-title-line.jpg&#8221; background_size=&#8221;initial&#8221; background_repeat=&#8221;repeat-x&#8221; custom_padding=&#8221;0px||0px||false|false&#8221; border_color_top=&#8221;#dfd957&#8243;][et_pb_column type=&#8221;4_4&#8243; _builder_version=&#8221;4.4.1&#8243; background_enable_color=&#8221;off&#8221;][et_pb_text _builder_version=&#8221;4.4.1&#8243; header_font=&#8221;|700|||||||&#8221; header_text_color=&#8221;#000000&#8243; header_font_size=&#8221;33px&#8221; header_2_font=&#8221;|700||on|||||&#8221; header_2_text_align=&#8221;center&#8221; header_2_text_color=&#8221;#000000&#8243; custom_margin=&#8221;|0px||||&#8221;]<\/p>\n<h1><span>Our locations<\/span><\/h1>\n<p>[\/et_pb_text][\/et_pb_column][\/et_pb_row][\/et_pb_section][et_pb_section fb_built=&#8221;1&#8243; _builder_version=&#8221;4.4.1&#8243; custom_padding=&#8221;3px|||||&#8221;][et_pb_row column_structure=&#8221;1_3,1_3,1_3&#8243; _builder_version=&#8221;4.4.1&#8243;][et_pb_column type=&#8221;1_3&#8243; _builder_version=&#8221;4.4.1&#8243;][et_pb_image src=&#8221;https:\/\/old.vegroup.hu\/wp-content\/uploads\/2020\/05\/vegroup-logo-project-black-1.png&#8221; align=&#8221;center&#8221; _builder_version=&#8221;4.4.1&#8243;][\/et_pb_image][et_pb_text _builder_version=&#8221;4.4.1&#8243; text_font_size=&#8221;16px&#8221; text_line_height=&#8221;1.5em&#8221; text_orientation=&#8221;center&#8221;]<\/p>\n<p>1044 Budapest, \u00d3radna utca 11.<\/p>\n<p>[\/et_pb_text][et_pb_text _builder_version=&#8221;4.6.3&#8243; text_font_size=&#8221;16px&#8221; text_line_height=&#8221;1.5em&#8221; text_orientation=&#8221;center&#8221; hover_enabled=&#8221;0&#8243; sticky_enabled=&#8221;0&#8243;]<\/p>\n<p>3060, P\u00e1szt\u00f3, Ak\u00e1cfa \u00fat 6.<\/p>\n<p>[\/et_pb_text][\/et_pb_column][et_pb_column type=&#8221;1_3&#8243; _builder_version=&#8221;4.4.1&#8243;][et_pb_image src=&#8221;https:\/\/old.vegroup.hu\/wp-content\/uploads\/2020\/05\/vegroup-logo-production-black.png&#8221; align=&#8221;center&#8221; _builder_version=&#8221;4.4.1&#8243;][\/et_pb_image][et_pb_text _builder_version=&#8221;4.4.1&#8243; text_font_size=&#8221;16px&#8221; text_line_height=&#8221;1.5em&#8221; text_orientation=&#8221;center&#8221;]<\/p>\n<p>1044 Budapest, \u00d3radna utca 11.<\/p>\n<p>[\/et_pb_text][et_pb_text _builder_version=&#8221;4.6.3&#8243; text_font_size=&#8221;16px&#8221; text_line_height=&#8221;1.5em&#8221; text_orientation=&#8221;center&#8221; hover_enabled=&#8221;0&#8243; sticky_enabled=&#8221;0&#8243;]<\/p>\n<p>1211 Budapest, \u00d6nt\u0151 utca 6\/2.<\/p>\n<p>[\/et_pb_text][et_pb_text _builder_version=&#8221;4.6.3&#8243; text_font_size=&#8221;16px&#8221; text_line_height=&#8221;1.5em&#8221; text_orientation=&#8221;center&#8221; custom_margin=&#8221;0px||||false|false&#8221; hover_enabled=&#8221;0&#8243; sticky_enabled=&#8221;0&#8243;]<\/p>\n<p>3060, P\u00e1szt\u00f3, Ak\u00e1cfa \u00fat 6.<\/p>\n<p>[\/et_pb_text][\/et_pb_column][et_pb_column type=&#8221;1_3&#8243; _builder_version=&#8221;4.4.1&#8243;][et_pb_image src=&#8221;https:\/\/old.vegroup.hu\/wp-content\/uploads\/2020\/05\/vegroup-logo-black-1.png&#8221; align=&#8221;center&#8221; _builder_version=&#8221;4.4.1&#8243;][\/et_pb_image][et_pb_text _builder_version=&#8221;4.4.1&#8243; text_font_size=&#8221;16px&#8221; text_line_height=&#8221;1.5em&#8221; text_orientation=&#8221;center&#8221;]<\/p>\n<p>1044 Budapest, \u00d3radna utca 11.<\/p>\n<p>[\/et_pb_text][\/et_pb_column][\/et_pb_row][\/et_pb_section][et_pb_section fb_built=&#8221;1&#8243; fullwidth=&#8221;on&#8221; _builder_version=&#8221;4.4.1&#8243;][et_pb_nextend_smart_slider_3_fullwidth slider=&#8221;3&#8243; _builder_version=&#8221;4.4.1&#8243;][\/et_pb_nextend_smart_slider_3_fullwidth][\/et_pb_section][et_pb_section fb_built=&#8221;1&#8243; custom_padding_last_edited=&#8221;on|phone&#8221; module_id=&#8221;kapcsolat-terkep&#8221; _builder_version=&#8221;4.4.1&#8243; background_enable_color=&#8221;off&#8221; background_image=&#8221;https:\/\/old.vegroup.hu\/wp-content\/uploads\/2020\/05\/vegroup-terkep.jpg&#8221; background_size=&#8221;initial&#8221; custom_margin=&#8221;||||false|false&#8221; custom_margin_tablet=&#8221;0px||||false|false&#8221; custom_margin_phone=&#8221;0px||||false|false&#8221; custom_margin_last_edited=&#8221;on|phone&#8221; custom_padding=&#8221;60px||90px||false|false&#8221; custom_padding_tablet=&#8221;0px||0px||false|false&#8221; custom_padding_phone=&#8221;40px||0px||false|false&#8221; global_module=&#8221;272&#8243; saved_tabs=&#8221;all&#8221;][et_pb_row column_structure=&#8221;1_3,1_3,1_3&#8243; _builder_version=&#8221;4.4.1&#8243; custom_padding=&#8221;0px||0px||false|false&#8221;][et_pb_column type=&#8221;1_3&#8243; _builder_version=&#8221;4.4.1&#8243; background_color=&#8221;#ffffff&#8221; custom_padding=&#8221;40px|40px|40px|40px|true|true&#8221;][et_pb_image src=&#8221;https:\/\/old.vegroup.hu\/wp-content\/uploads\/2020\/05\/vegroup-logo-black.png&#8221; alt=&#8221;Visual Europe Group &#8211; logo&#8221; align_tablet=&#8221;center&#8221; align_phone=&#8221;&#8221; align_last_edited=&#8221;on|tablet&#8221; _builder_version=&#8221;4.4.1&#8243; max_height=&#8221;76px&#8221;][\/et_pb_image][et_pb_text _builder_version=&#8221;4.4.1&#8243; text_text_color=&#8221;#000000&#8243; text_font_size=&#8221;13px&#8221; custom_padding=&#8221;2px|||0px|false|false&#8221; custom_padding_tablet=&#8221;|||0px|false|false&#8221; custom_padding_phone=&#8221;|||0px|false|false&#8221; custom_padding_last_edited=&#8221;on|tablet&#8221; text_orientation_tablet=&#8221;center&#8221; text_orientation_phone=&#8221;center&#8221; text_orientation_last_edited=&#8221;on|tablet&#8221;]<\/p>\n<p><strong>Visual Europe Group<\/strong><\/p>\n<p><strong>Address:<\/strong><br \/>\nH-1044 Budapest, \u00d3radna u. 11.<\/p>\n<p><strong>Phone number:<\/strong><br \/>\n+36 1 430 0408<\/p>\n<p><strong>E-mail:<\/strong><br \/>\n<a href=\"mailto:info@old.vegroup.hu\">info@old.vegroup.hu<\/a><\/p>\n<p><strong>Communication and press affairs:<\/strong><br \/>\n<a href=\"mailto:sajto@old.vegroup.hu\">sajto@old.vegroup.hu<\/a><\/p>\n<p>[\/et_pb_text][\/et_pb_column][et_pb_column type=&#8221;1_3&#8243; _builder_version=&#8221;4.4.1&#8243;][\/et_pb_column][et_pb_column type=&#8221;1_3&#8243; _builder_version=&#8221;4.4.1&#8243;][\/et_pb_column][\/et_pb_row][\/et_pb_section]<\/p>\n","protected":false},"excerpt":{"rendered":"<p>Our locations1044 Budapest, \u00d3radna utca 11.3060, P\u00e1szt\u00f3, Ak\u00e1cfa \u00fat 6. 1044 Budapest, \u00d3radna utca 11.1211 Budapest, \u00d6nt\u0151 utca 6\/2.3060, P\u00e1szt\u00f3, Ak\u00e1cfa \u00fat 6. 1044 Budapest, \u00d3radna utca 11.Visual Europe Group Address: H-1044 Budapest, \u00d3radna u. 11. Phone number: +36 1 430 0408 E-mail: info@old.vegroup.hu Communication and press affairs: sajto@old.vegroup.hu<\/p>\n","protected":false},"author":1,"featured_media":0,"parent":0,"menu_order":0,"comment_status":"closed","ping_status":"closed","template":"","meta":{"_et_pb_use_builder":"on","_et_pb_old_content":"","_et_gb_content_width":"","footnotes":""},"class_list":["post-5905","page","type-page","status-publish","hentry"],"_links":{"self":[{"href":"https:\/\/old.vegroup.hu\/en\/wp-json\/wp\/v2\/pages\/5905"}],"collection":[{"href":"https:\/\/old.vegroup.hu\/en\/wp-json\/wp\/v2\/pages"}],"about":[{"href":"https:\/\/old.vegroup.hu\/en\/wp-json\/wp\/v2\/types\/page"}],"author":[{"embeddable":true,"href":"https:\/\/old.vegroup.hu\/en\/wp-json\/wp\/v2\/users\/1"}],"replies":[{"embeddable":true,"href":"https:\/\/old.vegroup.hu\/en\/wp-json\/wp\/v2\/comments?post=5905"}],"version-history":[{"count":4,"href":"https:\/\/old.vegroup.hu\/en\/wp-json\/wp\/v2\/pages\/5905\/revisions"}],"predecessor-version":[{"id":7658,"href":"https:\/\/old.vegroup.hu\/en\/wp-json\/wp\/v2\/pages\/5905\/revisions\/7658"}],"wp:attachment":[{"href":"https:\/\/old.vegroup.hu\/en\/wp-json\/wp\/v2\/media?parent=5905"}],"curies":[{"name":"wp","href":"https:\/\/api.w.org\/{rel}","templated":true}]}}